{"id":17,"date":"2025-04-23T13:12:28","date_gmt":"2025-04-23T11:12:28","guid":{"rendered":"https:\/\/beskid.com.pl\/?page_id=17"},"modified":"2025-04-24T08:43:06","modified_gmt":"2025-04-24T06:43:06","slug":"oferta","status":"publish","type":"page","link":"https:\/\/beskid.com.pl\/?page_id=17","title":{"rendered":"Oferta"},"content":{"rendered":"\n<h3 class=\"wp-block-heading\">Nasza oferta obejmuje kompleksowe rozwi\u0105zania z zakresu produkcji opakowa\u0144 tekturowych. Tworzymy zar\u00f3wno standardowe, jak i spersonalizowane opakowania, dopasowane do indywidualnych potrzeb klient\u00f3w z r\u00f3\u017cnych bran\u017c.<\/h3>\n\n\n\n<h2 class=\"wp-block-heading\"><strong>Opakowania z tektury falistej<\/strong><\/h2>\n\n\n\n<p>Produkujemy wytrzyma\u0142e i funkcjonalne opakowania z tektury falistej, dost\u0119pne w r\u00f3\u017cnych formatach i konstrukcjach. W ofercie znajdziesz m.in.:<\/p>\n\n\n\n<ul class=\"wp-block-list\">\n<li>pud\u0142a klapowe (FEFCO 0201 i inne),<\/li>\n\n\n\n<li>opakowania fasonowe (wykrojnikowe),<\/li>\n\n\n\n<li>opakowania zbiorcze i transportowe,<\/li>\n\n\n\n<li>opakowania z nadrukiem fleksograficznym.<\/li>\n<\/ul>\n\n\n\n<h2 class=\"wp-block-heading\"><strong>Wyposa\u017cenie opakowa\u0144<\/strong><\/h2>\n\n\n\n<p>Dbamy o bezpiecze\u0144stwo produkt\u00f3w w transporcie \u2013 oferujemy praktyczne dodatki do opakowa\u0144:<\/p>\n\n\n\n<ul class=\"wp-block-list\">\n<li>przek\u0142adki i separatory z tektury,<\/li>\n\n\n\n<li>kratownice i wk\u0142adki zabezpieczaj\u0105ce,<\/li>\n\n\n\n<li>elementy dostosowane do specyfiki produktu.<\/li>\n<\/ul>\n\n\n\n<h2 class=\"wp-block-heading\"><strong>Tektura falista i lita<\/strong><\/h2>\n\n\n\n<p>Sprzedajemy wysokiej jako\u015bci tektur\u0119 falist\u0105 i lit\u0105 w r\u00f3\u017cnych rodzajach i gramaturach. Surowce dost\u0119pne s\u0105 w arkuszach lub rolkach, idealne do dalszego przetworzenia.<\/p>\n\n\n\n<h2 class=\"wp-block-heading\"><strong>Produkcja seryjna i jednostkowa<\/strong><\/h2>\n\n\n\n<p>Dzi\u0119ki elastycznemu podej\u015bciu i nowoczesnemu zapleczu technologicznemu realizujemy:<\/p>\n\n\n\n<ul class=\"wp-block-list\">\n<li><strong>produkcj\u0119 seryjn\u0105<\/strong> \u2013 szybkie i powtarzalne dostawy dla sta\u0142ych odbiorc\u00f3w,<\/li>\n\n\n\n<li><strong>produkcj\u0119 ma\u0142oseryjn\u0105<\/strong> \u2013 idealn\u0105 dla firm potrzebuj\u0105cych kr\u00f3tkich serii lub opakowa\u0144 prototypowych.<\/li>\n<\/ul>\n\n\n\n<p>Dostarczamy opakowania na terenie Polski oraz prowadzimy eksport do Czech, S\u0142owacji i W\u0142och.<\/p>\n","protected":false},"excerpt":{"rendered":"<p>Nasza oferta obejmuje kompleksowe rozwi\u0105zania z zakresu produkcji opakowa\u0144 tekturowych. Tworzymy zar\u00f3wno standardowe, jak i spersonalizowane opakowania, dopasowane do indywidualnych potrzeb klient\u00f3w z r\u00f3\u017cnych bran\u017c. Opakowania z tektury falistej Produkujemy wytrzyma\u0142e i funkcjonalne opakowania z tektury falistej, dost\u0119pne w r\u00f3\u017cnych &hellip; <a href=\"https:\/\/beskid.com.pl\/?page_id=17\">Czytaj dalej <span class=\"meta-nav\">&rarr;<\/span><\/a><\/p>\n","protected":false},"author":1,"featured_media":0,"parent":0,"menu_order":0,"comment_status":"closed","ping_status":"closed","template":"","meta":{"footnotes":""},"class_list":["post-17","page","type-page","status-publish","hentry"],"_links":{"self":[{"href":"https:\/\/beskid.com.pl\/index.php?rest_route=\/wp\/v2\/pages\/17","targetHints":{"allow":["GET"]}}],"collection":[{"href":"https:\/\/beskid.com.pl\/index.php?rest_route=\/wp\/v2\/pages"}],"about":[{"href":"https:\/\/beskid.com.pl\/index.php?rest_route=\/wp\/v2\/types\/page"}],"author":[{"embeddable":true,"href":"https:\/\/beskid.com.pl\/index.php?rest_route=\/wp\/v2\/users\/1"}],"replies":[{"embeddable":true,"href":"https:\/\/beskid.com.pl\/index.php?rest_route=%2Fwp%2Fv2%2Fcomments&post=17"}],"version-history":[{"count":3,"href":"https:\/\/beskid.com.pl\/index.php?rest_route=\/wp\/v2\/pages\/17\/revisions"}],"predecessor-version":[{"id":36,"href":"https:\/\/beskid.com.pl\/index.php?rest_route=\/wp\/v2\/pages\/17\/revisions\/36"}],"wp:attachment":[{"href":"https:\/\/beskid.com.pl\/index.php?rest_route=%2Fwp%2Fv2%2Fmedia&parent=17"}],"curies":[{"name":"wp","href":"https:\/\/api.w.org\/{rel}","templated":true}]}}