{"id":2,"date":"2025-04-23T12:11:58","date_gmt":"2025-04-23T10:11:58","guid":{"rendered":"https:\/\/beskid.com.pl\/?page_id=2"},"modified":"2025-04-24T11:33:12","modified_gmt":"2025-04-24T09:33:12","slug":"przykladowa-strona","status":"publish","type":"page","link":"https:\/\/beskid.com.pl\/","title":{"rendered":""},"content":{"rendered":"\n<h2 class=\"wp-block-heading\"><strong>Producent opakowa\u0144 z tektury falistej<\/strong><\/h2>\n\n\n\n<p><strong>Tworzymy opakowania, kt\u00f3re chroni\u0105, prezentuj\u0105 i sprzedaj\u0105.<\/strong><br>Jeste\u015bmy do\u015bwiadczonym producentem tektur falistych, opakowa\u0144 z tektury oraz element\u00f3w wyposa\u017cenia opakowa\u0144 takich jak <strong>przek\u0142adki, separatory i kraty<\/strong>. Nasze produkty znajduj\u0105 zastosowanie w wielu bran\u017cach \u2013 od przemys\u0142u, przez logistyk\u0119, a\u017c po handel detaliczny.<\/p>\n\n\n\n<h2 class=\"wp-block-heading\"><strong>Co oferujemy?<\/strong><\/h2>\n\n\n\n<ul class=\"wp-block-list\">\n<li><strong>Opakowania z tektury falistej<\/strong> \u2013 standardowe oraz szyte na miar\u0119, z mo\u017cliwo\u015bci\u0105 zadruku.<\/li>\n\n\n\n<li><strong>Wyposa\u017cenie opakowa\u0144<\/strong> \u2013 funkcjonalne i dopasowane elementy chroni\u0105ce produkt: przek\u0142adki, separatory, kratownice.<\/li>\n\n\n\n<li><strong>Sprzeda\u017c tektur litych<\/strong> \u2013 szeroki wyb\u00f3r format\u00f3w i gramatur.<\/li>\n<\/ul>\n\n\n\n<h2 class=\"wp-block-heading\"><strong>Elastyczna produkcja<\/strong><\/h2>\n\n\n\n<p>Dysponujemy <strong>nowoczesnym parkiem maszynowym<\/strong>, kt\u00f3ry umo\u017cliwia zar\u00f3wno produkcj\u0119 seryjn\u0105, jak i <strong>ma\u0142oseryjne, indywidualne realizacje<\/strong> \u2013 nawet dla kr\u00f3tkich serii czy prototyp\u00f3w. Ka\u017cde zlecenie traktujemy indywidualnie, dbaj\u0105c o precyzj\u0119 i jako\u015b\u0107 wykonania.<\/p>\n\n\n\n<h2 class=\"wp-block-heading\"><strong>Dzia\u0142amy lokalnie i mi\u0119dzynarodowo<\/strong><\/h2>\n\n\n\n<p>Nasza firma z powodzeniem obs\u0142uguje klient\u00f3w na rynku lokalnym, a tak\u017ce <strong>eksportuje opakowania do Czech, S\u0142owacji i W\u0142och<\/strong>. Niezale\u017cnie od wielko\u015bci zam\u00f3wienia \u2013 gwarantujemy terminowo\u015b\u0107 i niezawodno\u015b\u0107 dostaw.<\/p>\n","protected":false},"excerpt":{"rendered":"<p>Producent opakowa\u0144 z tektury falistej Tworzymy opakowania, kt\u00f3re chroni\u0105, prezentuj\u0105 i sprzedaj\u0105.Jeste\u015bmy do\u015bwiadczonym producentem tektur falistych, opakowa\u0144 z tektury oraz element\u00f3w wyposa\u017cenia opakowa\u0144 takich jak przek\u0142adki, separatory i kraty. Nasze produkty znajduj\u0105 zastosowanie w wielu bran\u017cach \u2013 od przemys\u0142u, przez &hellip; <a href=\"https:\/\/beskid.com.pl\/\">Czytaj dalej <span class=\"meta-nav\">&rarr;<\/span><\/a><\/p>\n","protected":false},"author":1,"featured_media":0,"parent":0,"menu_order":0,"comment_status":"closed","ping_status":"open","template":"","meta":{"footnotes":""},"class_list":["post-2","page","type-page","status-publish","hentry"],"_links":{"self":[{"href":"https:\/\/beskid.com.pl\/index.php?rest_route=\/wp\/v2\/pages\/2","targetHints":{"allow":["GET"]}}],"collection":[{"href":"https:\/\/beskid.com.pl\/index.php?rest_route=\/wp\/v2\/pages"}],"about":[{"href":"https:\/\/beskid.com.pl\/index.php?rest_route=\/wp\/v2\/types\/page"}],"author":[{"embeddable":true,"href":"https:\/\/beskid.com.pl\/index.php?rest_route=\/wp\/v2\/users\/1"}],"replies":[{"embeddable":true,"href":"https:\/\/beskid.com.pl\/index.php?rest_route=%2Fwp%2Fv2%2Fcomments&post=2"}],"version-history":[{"count":5,"href":"https:\/\/beskid.com.pl\/index.php?rest_route=\/wp\/v2\/pages\/2\/revisions"}],"predecessor-version":[{"id":81,"href":"https:\/\/beskid.com.pl\/index.php?rest_route=\/wp\/v2\/pages\/2\/revisions\/81"}],"wp:attachment":[{"href":"https:\/\/beskid.com.pl\/index.php?rest_route=%2Fwp%2Fv2%2Fmedia&parent=2"}],"curies":[{"name":"wp","href":"https:\/\/api.w.org\/{rel}","templated":true}]}}